{"id":6828,"date":"2017-11-02T14:46:03","date_gmt":"2017-11-02T13:46:03","guid":{"rendered":"https:\/\/tamed.es\/nosotros\/"},"modified":"2024-01-25T10:10:30","modified_gmt":"2024-01-25T09:10:30","slug":"about","status":"publish","type":"page","link":"https:\/\/tamed.es\/es\/about\/","title":{"rendered":"Nosotros"},"content":{"rendered":"<div class=\"fw-page-builder-content\">\n<h3>Filosof\u00eda<\/h3>\n<p>Hemos estado creando ideas para algunas de las marcas m\u00e1s prestigiosas, como Coca-Cola, Heineken, Lilly, CBRE, IE, Acerinox y Real Madrid, por nombrar algunas. Nuestro trabajo ha ayudado a establecer a TAMED como una compa\u00f1\u00eda de servicios creativos respetada y de confianza en Espa\u00f1a.Ahora, hemos crecido lo suficiente como para expandirnos internacionalmente, y ha nacido TAMEDLONDON con el objetivo de ofrecer un portafolio completo de servicios a nuestros clientes internacionales.TAMEDLONDON es un estudio con sede en Londres cuyo objetivo principal es estar siempre listo para resolver problemas de los clientes proporcionando conceptos personalizados \u00fanicos hasta la entrega final de todo el servicio, manteniendo la m\u00e1xima flexibilidad. Si algo nos define, es la calidad, agilidad, profesionalismo y atenci\u00f3n personal de nuestras soluciones creativas.<\/p>\n<h3>Equipo<\/h3>\n<p>Nuestro joven equipo tiene experiencia m\u00e1s all\u00e1 de sus a\u00f1os. Desde el principio, nos hemos enfocado en mantener un equipo central de dise\u00f1adores, autores y ejecutivos dedicados a cumplir con las m\u00e1s altas expectativas de los clientes. Adem\u00e1s, contamos con una de las redes de socios m\u00e1s extensas, tanto nacionales como internacionales, lo que nos permite permanecer a la vanguardia. Somos un equipo comprometido y entusiasta que se esfuerza por destacar. Esto nos permite ofrecer soluciones innovadoras y personalizadas, asegurando que nuestros clientes siempre regresen.<\/p>\n<h3>Servicios<\/h3>\n<p>\u00a1Subcontrataci\u00f3n de ideas!Escuchamos las necesidades de nuestros clientes y nos esforzamos por proporcionar una gama de ideas y soluciones que van m\u00e1s all\u00e1 de las expectativas. Adem\u00e1s, nuestro tiempo, velocidad y flexibilidad son una parte igualmente importante de lo que podemos hacer.TAMED ofrece una amplia gama de servicios: dise\u00f1o corporativo, contenido editorial, dise\u00f1o gr\u00e1fico, planificaci\u00f3n de eventos, coordinaci\u00f3n de campa\u00f1as publicitarias, servicios de ilustraci\u00f3n, empaquetado, fotograf\u00eda, consultor\u00eda de comunicaci\u00f3n, Internet y nuevas tecnolog\u00edas. Como parte de nuestro compromiso de servicio completo, TAMED tiene un extenso recurso de servicios de impresi\u00f3n, empaquetado y distribuci\u00f3n que son excelentes tanto en calidad como en costo.Refinamos nuestros servicios y nos reinventamos con cada nuevo proyecto, y nos enorgullecemos de nuestro trabajo y entregas finales.<\/p>\n<h3>Esta casa, un hogar<\/h3>\n<p>Nuestro ambiente de trabajo siempre es una \u00abcocina\u00bb para la creatividad. Vendremos a visitarte dondequiera que est\u00e9s, pero tambi\u00e9n te invitamos a venir y visitar el lugar donde cocinamos nuestras ideas. Madrid es el hogar de TAMED. Estamos a minutos de los principales centros de negocios del pa\u00eds, pero rodeados de paz y tranquilidad. Llama o vis\u00edtanos, y estaremos encantados de darte la bienvenida.<\/p>\n<h2 class='fw-special-title'>Nuestros clientes<\/h2>\n<p> <a href=\"http:\/\/tamed.es\/?s=lilly\" target=\"_blank\" rel=\"noopener\"><img decoding=\"async\" loading=\"lazy\" src=\"https:\/\/tamed.es\/wp-content\/uploads\/2017\/11\/Lilly1-2-1200x800.jpg\" alt=\"https:\/\/tamed.es\/wp-content\/uploads\/2017\/11\/Lilly1-2-1200x800.jpg\" width=\"1200\" height=\"800\" \/><\/a><br \/>\n <a href=\"http:\/\/tamed.es\/?s=disney\" target=\"_blank\" rel=\"noopener\"><img decoding=\"async\" loading=\"lazy\" src=\"https:\/\/tamed.es\/wp-content\/uploads\/2017\/11\/Disney2-1-1200x800.jpg\" alt=\"https:\/\/tamed.es\/wp-content\/uploads\/2017\/11\/Disney2-1-1200x800.jpg\" width=\"1200\" height=\"800\" \/><\/a><br \/>\n <a href=\"http:\/\/tamed.es\/?s=coca-cola\" target=\"_blank\" rel=\"noopener\"><img decoding=\"async\" loading=\"lazy\" src=\"https:\/\/tamed.es\/wp-content\/uploads\/2017\/11\/Coca-Cola3-1-1200x800.jpg\" alt=\"https:\/\/tamed.es\/wp-content\/uploads\/2017\/11\/Coca-Cola3-1-1200x800.jpg\" width=\"1200\" height=\"800\" \/><\/a><br \/>\n <a href=\"http:\/\/tamed.es\/?s=heineken\" target=\"_blank\" rel=\"noopener\"><img decoding=\"async\" loading=\"lazy\" src=\"https:\/\/tamed.es\/wp-content\/uploads\/2017\/11\/heneiken4-1-1200x800.jpg\" alt=\"https:\/\/tamed.es\/wp-content\/uploads\/2017\/11\/heneiken4-1-1200x800.jpg\" width=\"1200\" height=\"800\" \/><\/a><br \/>\n <a href=\"http:\/\/tamed.es\/?s=blackstone\" target=\"_blank\" rel=\"noopener\"><img decoding=\"async\" loading=\"lazy\" src=\"https:\/\/tamed.es\/wp-content\/uploads\/2017\/11\/blackstone5-1-1200x800.jpg\" alt=\"https:\/\/tamed.es\/wp-content\/uploads\/2017\/11\/blackstone5-1-1200x800.jpg\" width=\"1200\" height=\"800\" \/><\/a><br \/>\n <a href=\"http:\/\/tamed.es\/?s=savills\" target=\"_blank\" rel=\"noopener\"><img decoding=\"async\" loading=\"lazy\" src=\"https:\/\/tamed.es\/wp-content\/uploads\/2017\/11\/savills6-6-1200x800.jpg\" alt=\"https:\/\/tamed.es\/wp-content\/uploads\/2017\/11\/savills6-6-1200x800.jpg\" width=\"1200\" height=\"800\" \/><\/a><br \/>\n <img decoding=\"async\" loading=\"lazy\" src=\"https:\/\/tamed.es\/wp-content\/uploads\/2017\/11\/ucb7-1-1200x800.jpg\" alt=\"https:\/\/tamed.es\/wp-content\/uploads\/2017\/11\/ucb7-1-1200x800.jpg\" width=\"1200\" height=\"800\" \/><br \/>\n <a href=\"http:\/\/tamed.es\/?s=Aguirre\" target=\"_blank\" rel=\"noopener\"><img decoding=\"async\" loading=\"lazy\" src=\"https:\/\/tamed.es\/wp-content\/uploads\/2017\/11\/aguirrenewman8-3-1200x800.jpg\" alt=\"https:\/\/tamed.es\/wp-content\/uploads\/2017\/11\/aguirrenewman8-3-1200x800.jpg\" width=\"1200\" height=\"800\" \/><\/a><br \/>\n <a href=\"http:\/\/tamed.es\/?s=JLL\" target=\"_blank\" rel=\"noopener\"><img decoding=\"async\" loading=\"lazy\" src=\"https:\/\/tamed.es\/wp-content\/uploads\/2017\/11\/jll9-2-1200x800.jpg\" alt=\"https:\/\/tamed.es\/wp-content\/uploads\/2017\/11\/jll9-2-1200x800.jpg\" width=\"1200\" height=\"800\" \/><\/a><br \/>\n <img decoding=\"async\" loading=\"lazy\" src=\"https:\/\/tamed.es\/wp-content\/uploads\/2017\/11\/aedas10-2-1200x800.jpg\" alt=\"https:\/\/tamed.es\/wp-content\/uploads\/2017\/11\/aedas10-2-1200x800.jpg\" width=\"1200\" height=\"800\" \/><br \/>\n <a href=\"http:\/\/tamed.es\/?s=hispania\" target=\"_blank\" rel=\"noopener\"><img decoding=\"async\" loading=\"lazy\" src=\"https:\/\/tamed.es\/wp-content\/uploads\/2017\/11\/hispania11-2-1200x800.jpg\" alt=\"https:\/\/tamed.es\/wp-content\/uploads\/2017\/11\/hispania11-2-1200x800.jpg\" width=\"1200\" height=\"800\" \/><\/a><br \/>\n <a href=\"http:\/\/tamed.es\/?s=sete+artes\" target=\"_blank\" rel=\"noopener\"><img decoding=\"async\" loading=\"lazy\" src=\"https:\/\/tamed.es\/wp-content\/uploads\/2017\/11\/seteartes12-2-1200x800.jpg\" alt=\"https:\/\/tamed.es\/wp-content\/uploads\/2017\/11\/seteartes12-2-1200x800.jpg\" width=\"1200\" height=\"800\" \/><\/a><br \/>\n <a href=\"http:\/\/tamed.es\/?s=Cushman\" target=\"_blank\" rel=\"noopener\"><img decoding=\"async\" loading=\"lazy\" src=\"https:\/\/tamed.es\/wp-content\/uploads\/2017\/11\/cushman13-2-1200x800.jpg\" alt=\"https:\/\/tamed.es\/wp-content\/uploads\/2017\/11\/cushman13-2-1200x800.jpg\" width=\"1200\" height=\"800\" \/><\/a><br \/>\n <a href=\"http:\/\/tamed.es\/?s=big+blue\" target=\"_blank\" rel=\"noopener\"><img decoding=\"async\" loading=\"lazy\" src=\"https:\/\/tamed.es\/wp-content\/uploads\/2017\/11\/bigblue14-2-1200x800.jpg\" alt=\"https:\/\/tamed.es\/wp-content\/uploads\/2017\/11\/bigblue14-2-1200x800.jpg\" width=\"1200\" height=\"800\" \/><\/a><br \/>\n <a href=\"http:\/\/tamed.es\/?s=cbre\" target=\"_blank\" rel=\"noopener\"><img decoding=\"async\" loading=\"lazy\" src=\"https:\/\/tamed.es\/wp-content\/uploads\/2017\/11\/cbre15-2-1200x800.jpg\" alt=\"https:\/\/tamed.es\/wp-content\/uploads\/2017\/11\/cbre15-2-1200x800.jpg\" width=\"1200\" height=\"800\" \/><\/a><br \/>\n <a href=\"http:\/\/tamed.es\/?s=harrods\" target=\"_blank\" rel=\"noopener\"><img decoding=\"async\" loading=\"lazy\" src=\"https:\/\/tamed.es\/wp-content\/uploads\/2017\/11\/harrods16-2-1200x800.jpg\" alt=\"https:\/\/tamed.es\/wp-content\/uploads\/2017\/11\/harrods16-2-1200x800.jpg\" width=\"1200\" height=\"800\" \/><\/a> <\/p>\n<h2 class='fw-special-title'>TAMED<\/h2>\n<p> Calle S\u00e1nchez Pacheco, 82<\/p>\n<h2 class='fw-special-title'>TAMED LONDON<\/h2>\n<p> 51A King Henrys Walk<\/p>\n<h2>SUSCRIBE TO OUR NEWSLETTER<\/h2>\n<p> Name *<br \/>\n Last Name *<br \/>\n Email *<br \/>\n Tell us something<\/p>\n<p><!-- 97849819ca4a2551794a300b36589a13 --><\/div>\n","protected":false},"excerpt":{"rendered":"<p>Filosof\u00eda Hemos estado creando ideas para algunas de las marcas m\u00e1s prestigiosas, como Coca-Cola, Heineken, Lilly, CBRE, IE, Acerinox y Real Madrid, por nombrar algunas. Nuestro trabajo ha ayudado a establecer a TAMED como una compa\u00f1\u00eda de servicios creativos respetada y de confianza en Espa\u00f1a.Ahora, hemos crecido lo suficiente como [&hellip;]<\/p>\n","protected":false},"author":1,"featured_media":0,"parent":0,"menu_order":0,"comment_status":"closed","ping_status":"closed","template":"","meta":[],"_links":{"self":[{"href":"https:\/\/tamed.es\/es\/wp-json\/wp\/v2\/pages\/6828"}],"collection":[{"href":"https:\/\/tamed.es\/es\/wp-json\/wp\/v2\/pages"}],"about":[{"href":"https:\/\/tamed.es\/es\/wp-json\/wp\/v2\/types\/page"}],"author":[{"embeddable":true,"href":"https:\/\/tamed.es\/es\/wp-json\/wp\/v2\/users\/1"}],"replies":[{"embeddable":true,"href":"https:\/\/tamed.es\/es\/wp-json\/wp\/v2\/comments?post=6828"}],"version-history":[{"count":12,"href":"https:\/\/tamed.es\/es\/wp-json\/wp\/v2\/pages\/6828\/revisions"}],"predecessor-version":[{"id":7068,"href":"https:\/\/tamed.es\/es\/wp-json\/wp\/v2\/pages\/6828\/revisions\/7068"}],"wp:attachment":[{"href":"https:\/\/tamed.es\/es\/wp-json\/wp\/v2\/media?parent=6828"}],"curies":[{"name":"wp","href":"https:\/\/api.w.org\/{rel}","templated":true}]}}