{"id":6836,"date":"2017-11-02T16:12:45","date_gmt":"2017-11-02T15:12:45","guid":{"rendered":"https:\/\/tamed.es\/homepage\/"},"modified":"2023-11-21T18:53:25","modified_gmt":"2023-11-21T17:53:25","slug":"homepage","status":"publish","type":"page","link":"https:\/\/tamed.es\/es\/","title":{"rendered":"INICIO"},"content":{"rendered":"<div class=\"fw-page-builder-content\">\n<h2 class='fw-special-title'>UN ESTUDIO DE DISE\u00d1O GR\u00c1FICO LLENO DE ENERG\u00cdA Y ALEGR\u00cdA<\/h2>\n<h4 class='fw-special-title'>FILOSOF\u00cdA<\/h4>\n<p>Nuestro objetivo es aportar soluciones creativas totalmente personalizadas, conceptos \u00fanicos, impactantes y persuasivos. Siempre disponibles para acompa\u00f1ar a las marcas en su camino hacia el \u00e9xito. Inspiraci\u00f3n, dise\u00f1o, calidad y confianza.<\/p>\n<p>20 a\u00f1os de experiencia creando ideas para las marcas m\u00e1s prestigiosas, Coca-Cola, Heineken, Lilly, CBRE, IE, Acerinox, Real Madrid, etc. han otorgado a Tamed una s\u00f3lida reputaci\u00f3n basada en la confianza, la calidad, compromiso y honestidad.<\/p>\n<h4 class='fw-special-title'>CREATIVIDAD SIN L\u00cdMITES <\/h4>\n<p>Ofrecemos soluciones integrales a medida con un equipo resolutivo, innovador y sin l\u00edmites creativos, generando una poderosa sinergia desde el origen de la idea hasta la ejecuci\u00f3n del proyecto. Dise\u00f1o corporativo, contenidos editoriales, dise\u00f1o gr\u00e1fico, organizaci\u00f3n de eventos, coordinaci\u00f3n de campa\u00f1as publicitarias, servicios de ilustraci\u00f3n, packaging, fotograf\u00eda, consultor\u00eda en comunicaci\u00f3n, internet y nuevas tecnolog\u00edas. <\/p>\n<h4 class='fw-special-title'>ESPECIALISTAS INMOBILIARIOS<\/h4>\n<p>Nos hemos especializado en el sector inmobiliario realizando importantes proyectos para JLL, Savills, CBRE y Cushman &#038; Wakefield que han confiado en nosotros para mostrar sus activos de forma atractiva e impactante. Relaciones de confianza fruct\u00edferas que se mantienen en el tiempo.<\/p>\n<h2 class='fw-special-title'>\u00daltimos proyectos<\/h2>\n<p> <a href=\"https:\/\/tamed.es\/es\/project\/harrington-hall-hotel-jll\/\" title=\"Harrington Hall Hotel | JLL\"><\/p>\n<h3 class=\"portfolio_item-title\">Harrington Hall Hotel | JLL<\/h3>\n<p> <img width=\"600\" height=\"400\" src=\"http:\/\/tamed.es\/wp-content\/uploads\/2017\/11\/HHH01-600x400.jpg\" class=\"attachment-portfolio_item-thumbnail size-portfolio_item-thumbnail wp-post-image\" alt=\"\" decoding=\"async\" loading=\"lazy\" srcset=\"https:\/\/tamed.es\/wp-content\/uploads\/2017\/11\/HHH01-600x401.jpg 600w, https:\/\/tamed.es\/wp-content\/uploads\/2017\/11\/HHH01-300x200.jpg 300w, https:\/\/tamed.es\/wp-content\/uploads\/2017\/11\/HHH01-768x513.jpg 768w, https:\/\/tamed.es\/wp-content\/uploads\/2017\/11\/HHH01-1024x684.jpg 1024w, https:\/\/tamed.es\/wp-content\/uploads\/2017\/11\/HHH01-82x55.jpg 82w, https:\/\/tamed.es\/wp-content\/uploads\/2017\/11\/HHH01-1800x1202.jpg 1800w, https:\/\/tamed.es\/wp-content\/uploads\/2017\/11\/HHH01-1000x668.jpg 1000w, https:\/\/tamed.es\/wp-content\/uploads\/2017\/11\/HHH01-839x560.jpg 839w, https:\/\/tamed.es\/wp-content\/uploads\/2017\/11\/HHH01.jpg 2000w\" sizes=\"(max-width: 600px) 100vw, 600px\" \/><br \/>\n <\/a><br \/>\n <a href=\"https:\/\/tamed.es\/es\/?post_type=portfolio_item&#038;p=6849\" title=\"Humalog 200 | Lilly\"><\/p>\n<h3 class=\"portfolio_item-title\">Humalog 200 | Lilly<\/h3>\n<p> <img width=\"600\" height=\"400\" src=\"http:\/\/tamed.es\/wp-content\/uploads\/2017\/11\/Humalog01-600x400.jpg\" class=\"attachment-portfolio_item-thumbnail size-portfolio_item-thumbnail wp-post-image\" alt=\"\" decoding=\"async\" loading=\"lazy\" srcset=\"https:\/\/tamed.es\/wp-content\/uploads\/2017\/11\/Humalog01-600x401.jpg 600w, https:\/\/tamed.es\/wp-content\/uploads\/2017\/11\/Humalog01-300x200.jpg 300w, https:\/\/tamed.es\/wp-content\/uploads\/2017\/11\/Humalog01-768x513.jpg 768w, https:\/\/tamed.es\/wp-content\/uploads\/2017\/11\/Humalog01-1024x684.jpg 1024w, https:\/\/tamed.es\/wp-content\/uploads\/2017\/11\/Humalog01-82x55.jpg 82w, https:\/\/tamed.es\/wp-content\/uploads\/2017\/11\/Humalog01-1800x1202.jpg 1800w, https:\/\/tamed.es\/wp-content\/uploads\/2017\/11\/Humalog01-1000x668.jpg 1000w, https:\/\/tamed.es\/wp-content\/uploads\/2017\/11\/Humalog01-839x560.jpg 839w, https:\/\/tamed.es\/wp-content\/uploads\/2017\/11\/Humalog01.jpg 2000w\" sizes=\"(max-width: 600px) 100vw, 600px\" \/><br \/>\n <\/a><br \/>\n <a href=\"https:\/\/tamed.es\/es\/project\/glories-offices-hispania\/\" title=\"Gl\u00f2ries Offices | Hispania\"><\/p>\n<h3 class=\"portfolio_item-title\">Gl\u00f2ries Offices | Hispania<\/h3>\n<p> <img width=\"600\" height=\"400\" src=\"http:\/\/tamed.es\/wp-content\/uploads\/2017\/11\/HispaniaGlories01-600x400.jpg\" class=\"attachment-portfolio_item-thumbnail size-portfolio_item-thumbnail wp-post-image\" alt=\"\" decoding=\"async\" loading=\"lazy\" srcset=\"https:\/\/tamed.es\/wp-content\/uploads\/2017\/11\/HispaniaGlories01-600x400.jpg 600w, https:\/\/tamed.es\/wp-content\/uploads\/2017\/11\/HispaniaGlories01-300x200.jpg 300w, https:\/\/tamed.es\/wp-content\/uploads\/2017\/11\/HispaniaGlories01-768x513.jpg 768w, https:\/\/tamed.es\/wp-content\/uploads\/2017\/11\/HispaniaGlories01-1024x683.jpg 1024w, https:\/\/tamed.es\/wp-content\/uploads\/2017\/11\/HispaniaGlories01-82x55.jpg 82w, https:\/\/tamed.es\/wp-content\/uploads\/2017\/11\/HispaniaGlories01-1800x1201.jpg 1800w, https:\/\/tamed.es\/wp-content\/uploads\/2017\/11\/HispaniaGlories01-1000x667.jpg 1000w, https:\/\/tamed.es\/wp-content\/uploads\/2017\/11\/HispaniaGlories01-839x560.jpg 839w\" sizes=\"(max-width: 600px) 100vw, 600px\" \/><br \/>\n <\/a><br \/>\n <a href=\"https:\/\/tamed.es\/es\/project\/bossa-always-nova-sete-artes\/\" title=\"Bossa Always Nova | Sete Artes\"><\/p>\n<h3 class=\"portfolio_item-title\">Bossa Always Nova | Sete Artes<\/h3>\n<p> <img width=\"600\" height=\"400\" src=\"http:\/\/tamed.es\/wp-content\/uploads\/2017\/11\/IDENTIDAD_Bossa-Nova-600x400.jpg\" class=\"attachment-portfolio_item-thumbnail size-portfolio_item-thumbnail wp-post-image\" alt=\"\" decoding=\"async\" loading=\"lazy\" \/><br \/>\n <\/a><br \/>\n <a href=\"https:\/\/tamed.es\/es\/project\/luxury-brochure-harrods\/\" title=\"Folleto de lujo | Harrods Hotels\"><\/p>\n<h3 class=\"portfolio_item-title\">Folleto de lujo | Harrods Hotels<\/h3>\n<p> <img width=\"600\" height=\"400\" src=\"http:\/\/tamed.es\/wp-content\/uploads\/2017\/11\/Harrods1-600x400.jpg\" class=\"attachment-portfolio_item-thumbnail size-portfolio_item-thumbnail wp-post-image\" alt=\"\" decoding=\"async\" loading=\"lazy\" srcset=\"https:\/\/tamed.es\/wp-content\/uploads\/2017\/11\/Harrods1-600x400.jpg 600w, https:\/\/tamed.es\/wp-content\/uploads\/2017\/11\/Harrods1-300x200.jpg 300w, https:\/\/tamed.es\/wp-content\/uploads\/2017\/11\/Harrods1-768x512.jpg 768w, https:\/\/tamed.es\/wp-content\/uploads\/2017\/11\/Harrods1-1024x683.jpg 1024w, https:\/\/tamed.es\/wp-content\/uploads\/2017\/11\/Harrods1-83x55.jpg 83w, https:\/\/tamed.es\/wp-content\/uploads\/2017\/11\/Harrods1-1800x1200.jpg 1800w, https:\/\/tamed.es\/wp-content\/uploads\/2017\/11\/Harrods1-1000x667.jpg 1000w, https:\/\/tamed.es\/wp-content\/uploads\/2017\/11\/Harrods1-840x560.jpg 840w\" sizes=\"(max-width: 600px) 100vw, 600px\" \/><br \/>\n <\/a><br \/>\n <a href=\"https:\/\/tamed.es\/es\/project\/identity-aa81-cbre\/\" title=\"Identidad AA81 | CBRE\"><\/p>\n<h3 class=\"portfolio_item-title\">Identidad AA81 | CBRE<\/h3>\n<p> <img width=\"600\" height=\"400\" src=\"http:\/\/tamed.es\/wp-content\/uploads\/2017\/11\/LogoAA81ok-600x400.jpg\" class=\"attachment-portfolio_item-thumbnail size-portfolio_item-thumbnail wp-post-image\" alt=\"\" decoding=\"async\" loading=\"lazy\" \/><br \/>\n <\/a><br \/>\n <a href=\"https:\/\/tamed.es\/es\/project\/disney-corner-lilly\/\" title=\"Disney Corner | LILLY &#038; Disney\"><\/p>\n<h3 class=\"portfolio_item-title\">Disney Corner | LILLY &#038; Disney<\/h3>\n<p> <img width=\"600\" height=\"400\" src=\"http:\/\/tamed.es\/wp-content\/uploads\/2017\/11\/Disney-Corner-4-600x400.jpg\" class=\"attachment-portfolio_item-thumbnail size-portfolio_item-thumbnail wp-post-image\" alt=\"\" decoding=\"async\" loading=\"lazy\" srcset=\"https:\/\/tamed.es\/wp-content\/uploads\/2017\/11\/Disney-Corner-4-600x400.jpg 600w, https:\/\/tamed.es\/wp-content\/uploads\/2017\/11\/Disney-Corner-4-300x200.jpg 300w, https:\/\/tamed.es\/wp-content\/uploads\/2017\/11\/Disney-Corner-4-768x512.jpg 768w, https:\/\/tamed.es\/wp-content\/uploads\/2017\/11\/Disney-Corner-4-1024x683.jpg 1024w, https:\/\/tamed.es\/wp-content\/uploads\/2017\/11\/Disney-Corner-4-82x55.jpg 82w, https:\/\/tamed.es\/wp-content\/uploads\/2017\/11\/Disney-Corner-4-1800x1201.jpg 1800w, https:\/\/tamed.es\/wp-content\/uploads\/2017\/11\/Disney-Corner-4-1000x667.jpg 1000w, https:\/\/tamed.es\/wp-content\/uploads\/2017\/11\/Disney-Corner-4-840x560.jpg 840w, https:\/\/tamed.es\/wp-content\/uploads\/2017\/11\/Disney-Corner-4.jpg 2000w\" sizes=\"(max-width: 600px) 100vw, 600px\" \/><br \/>\n <\/a><br \/>\n <a href=\"https:\/\/tamed.es\/es\/project\/advertising-powerade\/\" title=\"Publicidad | Powerade\"><\/p>\n<h3 class=\"portfolio_item-title\">Publicidad | Powerade<\/h3>\n<p> <img width=\"600\" height=\"400\" src=\"http:\/\/tamed.es\/wp-content\/uploads\/2017\/11\/Powerade01-1-600x400.jpg\" class=\"attachment-portfolio_item-thumbnail size-portfolio_item-thumbnail wp-post-image\" alt=\"\" decoding=\"async\" loading=\"lazy\" srcset=\"https:\/\/tamed.es\/wp-content\/uploads\/2017\/11\/Powerade01-1-600x401.jpg 600w, https:\/\/tamed.es\/wp-content\/uploads\/2017\/11\/Powerade01-1-300x200.jpg 300w, https:\/\/tamed.es\/wp-content\/uploads\/2017\/11\/Powerade01-1-768x513.jpg 768w, https:\/\/tamed.es\/wp-content\/uploads\/2017\/11\/Powerade01-1-1024x684.jpg 1024w, https:\/\/tamed.es\/wp-content\/uploads\/2017\/11\/Powerade01-1-82x55.jpg 82w, https:\/\/tamed.es\/wp-content\/uploads\/2017\/11\/Powerade01-1-1800x1202.jpg 1800w, https:\/\/tamed.es\/wp-content\/uploads\/2017\/11\/Powerade01-1-1000x668.jpg 1000w, https:\/\/tamed.es\/wp-content\/uploads\/2017\/11\/Powerade01-1-839x560.jpg 839w, https:\/\/tamed.es\/wp-content\/uploads\/2017\/11\/Powerade01-1.jpg 2000w\" sizes=\"(max-width: 600px) 100vw, 600px\" \/><br \/>\n <\/a><br \/>\n <a href=\"https:\/\/tamed.es\/es\/project\/mb-one-blackstone\/\" title=\"MB ONE | Blackstone\"><\/p>\n<h3 class=\"portfolio_item-title\">MB ONE | Blackstone<\/h3>\n<p> <img width=\"600\" height=\"400\" src=\"http:\/\/tamed.es\/wp-content\/uploads\/2017\/11\/IM00-600x400.jpg\" class=\"attachment-portfolio_item-thumbnail size-portfolio_item-thumbnail wp-post-image\" alt=\"\" decoding=\"async\" loading=\"lazy\" \/><br \/>\n <\/a><br \/>\n <a href=\"https:\/\/tamed.es\/es\/project\/real-state-identity\/\" title=\"Identidad Inmobiliaria\"><\/p>\n<h3 class=\"portfolio_item-title\">Identidad Inmobiliaria<\/h3>\n<p> <img width=\"600\" height=\"400\" src=\"http:\/\/tamed.es\/wp-content\/uploads\/2017\/11\/LOGOS_Inmobiliaria2-600x400.jpg\" class=\"attachment-portfolio_item-thumbnail size-portfolio_item-thumbnail wp-post-image\" alt=\"\" decoding=\"async\" loading=\"lazy\" \/><br \/>\n <\/a><br \/>\n <a href=\"https:\/\/tamed.es\/es\/project\/bigblue-savills\/\" title=\"BIGBLUE | Savills\"><\/p>\n<h3 class=\"portfolio_item-title\">BIGBLUE | Savills<\/h3>\n<p> <img width=\"600\" height=\"400\" src=\"http:\/\/tamed.es\/wp-content\/uploads\/2017\/11\/bigblue01-600x400.jpg\" class=\"attachment-portfolio_item-thumbnail size-portfolio_item-thumbnail wp-post-image\" alt=\"\" decoding=\"async\" loading=\"lazy\" \/><br \/>\n <\/a><br \/>\n <a href=\"https:\/\/tamed.es\/es\/project\/diabetes-junior-cup-lilly\/\" title=\"Diabetes Junior Cup | LILLY\"><\/p>\n<h3 class=\"portfolio_item-title\">Diabetes Junior Cup | LILLY<\/h3>\n<p> <img width=\"600\" height=\"400\" src=\"http:\/\/tamed.es\/wp-content\/uploads\/2017\/01\/DiabetesJuniorCup6_1-600x400.jpg\" class=\"attachment-portfolio_item-thumbnail size-portfolio_item-thumbnail wp-post-image\" alt=\"\" decoding=\"async\" loading=\"lazy\" srcset=\"https:\/\/tamed.es\/wp-content\/uploads\/2017\/01\/DiabetesJuniorCup6_1-600x400.jpg 600w, https:\/\/tamed.es\/wp-content\/uploads\/2017\/01\/DiabetesJuniorCup6_1-300x200.jpg 300w, https:\/\/tamed.es\/wp-content\/uploads\/2017\/01\/DiabetesJuniorCup6_1-768x512.jpg 768w, https:\/\/tamed.es\/wp-content\/uploads\/2017\/01\/DiabetesJuniorCup6_1-1024x683.jpg 1024w, https:\/\/tamed.es\/wp-content\/uploads\/2017\/01\/DiabetesJuniorCup6_1-83x55.jpg 83w, https:\/\/tamed.es\/wp-content\/uploads\/2017\/01\/DiabetesJuniorCup6_1-1800x1200.jpg 1800w, https:\/\/tamed.es\/wp-content\/uploads\/2017\/01\/DiabetesJuniorCup6_1-1000x667.jpg 1000w, https:\/\/tamed.es\/wp-content\/uploads\/2017\/01\/DiabetesJuniorCup6_1-840x560.jpg 840w\" sizes=\"(max-width: 600px) 100vw, 600px\" \/><br \/>\n <\/a><br \/>\n <a href=\"http:\/\/tamed.es\/es\/portfolio-3\/\" target=\"_self\" class=\"btn\" rel=\"noopener\"><br \/>\n Ver todos <\/a><\/p>\n<h2 class='fw-special-title'>Algunos de nuestros clientes<\/h2>\n<p> <img decoding=\"async\" loading=\"lazy\" src=\"https:\/\/tamed.es\/wp-content\/uploads\/2023\/11\/DelinProperty-1200x800-copia-1200x800.jpg\" alt=\"Delin Property\" width=\"1200\" height=\"800\" \/><br \/>\n <img decoding=\"async\" loading=\"lazy\" src=\"https:\/\/tamed.es\/wp-content\/uploads\/2023\/11\/Ayunt-London1200x800-1200x800.jpg\" alt=\"Mayor of London\" width=\"1200\" height=\"800\" \/><br \/>\n <img decoding=\"async\" loading=\"lazy\" src=\"https:\/\/tamed.es\/wp-content\/uploads\/2023\/11\/Merk-1200x800-1-1200x800.jpg\" alt=\"Merck\" width=\"1200\" height=\"800\" \/><br \/>\n <img decoding=\"async\" loading=\"lazy\" src=\"https:\/\/tamed.es\/wp-content\/uploads\/2023\/11\/Meridia-1200x800-1-1200x800.jpg\" alt=\"Meridia\" width=\"1200\" height=\"800\" \/><br \/>\n <img decoding=\"async\" loading=\"lazy\" src=\"https:\/\/tamed.es\/wp-content\/uploads\/2023\/11\/Real-Madrid-1200x800-1-1200x800.jpg\" alt=\"Real Madrid\" width=\"1200\" height=\"800\" \/><br \/>\n <a href=\"http:\/\/tamed.es\/?s=blackstone\" target=\"_blank\" rel=\"noopener\"><img decoding=\"async\" loading=\"lazy\" src=\"https:\/\/tamed.es\/wp-content\/uploads\/2017\/11\/blackstone5-1-1200x800.jpg\" alt=\"https:\/\/tamed.es\/wp-content\/uploads\/2017\/11\/blackstone5-1-1200x800.jpg\" width=\"1200\" height=\"800\" \/><\/a><br \/>\n <a href=\"http:\/\/tamed.es\/?s=lilly\" target=\"_blank\" rel=\"noopener\"><img decoding=\"async\" loading=\"lazy\" src=\"https:\/\/tamed.es\/wp-content\/uploads\/2017\/11\/Lilly1-2-1200x800.jpg\" alt=\"https:\/\/tamed.es\/wp-content\/uploads\/2017\/11\/Lilly1-2-1200x800.jpg\" width=\"1200\" height=\"800\" \/><\/a><br \/>\n <a href=\"http:\/\/tamed.es\/?s=disney\" target=\"_blank\" rel=\"noopener\"><img decoding=\"async\" loading=\"lazy\" src=\"https:\/\/tamed.es\/wp-content\/uploads\/2017\/11\/Disney2-1-1200x800.jpg\" alt=\"https:\/\/tamed.es\/wp-content\/uploads\/2017\/11\/Disney2-1-1200x800.jpg\" width=\"1200\" height=\"800\" \/><\/a><br \/>\n <a href=\"http:\/\/tamed.es\/?s=coca-cola\" target=\"_blank\" rel=\"noopener\"><img decoding=\"async\" loading=\"lazy\" src=\"https:\/\/tamed.es\/wp-content\/uploads\/2017\/11\/Coca-Cola3-1-1200x800.jpg\" alt=\"https:\/\/tamed.es\/wp-content\/uploads\/2017\/11\/Coca-Cola3-1-1200x800.jpg\" width=\"1200\" height=\"800\" \/><\/a><br \/>\n <a href=\"http:\/\/tamed.es\/?s=heineken\" target=\"_blank\" rel=\"noopener\"><img decoding=\"async\" loading=\"lazy\" src=\"https:\/\/tamed.es\/wp-content\/uploads\/2017\/11\/heneiken4-1-1200x800.jpg\" alt=\"https:\/\/tamed.es\/wp-content\/uploads\/2017\/11\/heneiken4-1-1200x800.jpg\" width=\"1200\" height=\"800\" \/><\/a><br \/>\n <a href=\"http:\/\/tamed.es\/?s=savills\" target=\"_blank\" rel=\"noopener\"><img decoding=\"async\" loading=\"lazy\" src=\"https:\/\/tamed.es\/wp-content\/uploads\/2017\/11\/savills6-6-1200x800.jpg\" alt=\"https:\/\/tamed.es\/wp-content\/uploads\/2017\/11\/savills6-6-1200x800.jpg\" width=\"1200\" height=\"800\" \/><\/a><br \/>\n <img decoding=\"async\" loading=\"lazy\" src=\"https:\/\/tamed.es\/wp-content\/uploads\/2017\/11\/ucb7-1-1200x800.jpg\" alt=\"https:\/\/tamed.es\/wp-content\/uploads\/2017\/11\/ucb7-1-1200x800.jpg\" width=\"1200\" height=\"800\" \/><br \/>\n <a href=\"http:\/\/tamed.es\/?s=Aguirre\" target=\"_blank\" rel=\"noopener\"><img decoding=\"async\" loading=\"lazy\" src=\"https:\/\/tamed.es\/wp-content\/uploads\/2017\/11\/aguirrenewman8-3-1200x800.jpg\" alt=\"https:\/\/tamed.es\/wp-content\/uploads\/2017\/11\/aguirrenewman8-3-1200x800.jpg\" width=\"1200\" height=\"800\" \/><\/a><br \/>\n <a href=\"http:\/\/tamed.es\/?s=JLL\" target=\"_blank\" rel=\"noopener\"><img decoding=\"async\" loading=\"lazy\" src=\"https:\/\/tamed.es\/wp-content\/uploads\/2017\/11\/jll9-2-1200x800.jpg\" alt=\"https:\/\/tamed.es\/wp-content\/uploads\/2017\/11\/jll9-2-1200x800.jpg\" width=\"1200\" height=\"800\" \/><\/a><br \/>\n <img decoding=\"async\" loading=\"lazy\" src=\"https:\/\/tamed.es\/wp-content\/uploads\/2017\/11\/aedas10-2-1200x800.jpg\" alt=\"https:\/\/tamed.es\/wp-content\/uploads\/2017\/11\/aedas10-2-1200x800.jpg\" width=\"1200\" height=\"800\" \/><br \/>\n <a href=\"http:\/\/tamed.es\/?s=hispania\" target=\"_blank\" rel=\"noopener\"><img decoding=\"async\" loading=\"lazy\" src=\"https:\/\/tamed.es\/wp-content\/uploads\/2017\/11\/hispania11-2-1200x800.jpg\" alt=\"https:\/\/tamed.es\/wp-content\/uploads\/2017\/11\/hispania11-2-1200x800.jpg\" width=\"1200\" height=\"800\" \/><\/a><br \/>\n <a href=\"http:\/\/tamed.es\/?s=sete+artes\" target=\"_blank\" rel=\"noopener\"><img decoding=\"async\" loading=\"lazy\" src=\"https:\/\/tamed.es\/wp-content\/uploads\/2017\/11\/seteartes12-2-1200x800.jpg\" alt=\"https:\/\/tamed.es\/wp-content\/uploads\/2017\/11\/seteartes12-2-1200x800.jpg\" width=\"1200\" height=\"800\" \/><\/a><br \/>\n <a href=\"http:\/\/tamed.es\/?s=Cushman\" target=\"_blank\" rel=\"noopener\"><img decoding=\"async\" loading=\"lazy\" src=\"https:\/\/tamed.es\/wp-content\/uploads\/2017\/11\/cushman13-2-1200x800.jpg\" alt=\"https:\/\/tamed.es\/wp-content\/uploads\/2017\/11\/cushman13-2-1200x800.jpg\" width=\"1200\" height=\"800\" \/><\/a><br \/>\n <a href=\"http:\/\/tamed.es\/?s=cbre\" target=\"_blank\" rel=\"noopener\"><img decoding=\"async\" loading=\"lazy\" src=\"https:\/\/tamed.es\/wp-content\/uploads\/2017\/11\/cbre15-2-1200x800.jpg\" alt=\"https:\/\/tamed.es\/wp-content\/uploads\/2017\/11\/cbre15-2-1200x800.jpg\" width=\"1200\" height=\"800\" \/><\/a><br \/>\n <a href=\"http:\/\/tamed.es\/?s=harrods\" target=\"_blank\" rel=\"noopener\"><img decoding=\"async\" loading=\"lazy\" src=\"https:\/\/tamed.es\/wp-content\/uploads\/2017\/11\/harrods16-2-1200x800.jpg\" alt=\"https:\/\/tamed.es\/wp-content\/uploads\/2017\/11\/harrods16-2-1200x800.jpg\" width=\"1200\" height=\"800\" \/><\/a><\/p>\n<p><!-- 42bccfb1ba9e130a87d34cc6e4c1de53 --><\/div>\n","protected":false},"excerpt":{"rendered":"<p>UN ESTUDIO DE DISE\u00d1O GR\u00c1FICO LLENO DE ENERG\u00cdA Y ALEGR\u00cdA FILOSOF\u00cdA Nuestro objetivo es aportar soluciones creativas totalmente personalizadas, conceptos \u00fanicos, impactantes y persuasivos. Siempre disponibles para acompa\u00f1ar a las marcas en su camino hacia el \u00e9xito. Inspiraci\u00f3n, dise\u00f1o, calidad y confianza. 20 a\u00f1os de experiencia creando ideas para las [&hellip;]<\/p>\n","protected":false},"author":1,"featured_media":0,"parent":0,"menu_order":0,"comment_status":"open","ping_status":"open","template":"page-templates\/homepage-builder.php","meta":[],"_links":{"self":[{"href":"https:\/\/tamed.es\/es\/wp-json\/wp\/v2\/pages\/6836"}],"collection":[{"href":"https:\/\/tamed.es\/es\/wp-json\/wp\/v2\/pages"}],"about":[{"href":"https:\/\/tamed.es\/es\/wp-json\/wp\/v2\/types\/page"}],"author":[{"embeddable":true,"href":"https:\/\/tamed.es\/es\/wp-json\/wp\/v2\/users\/1"}],"replies":[{"embeddable":true,"href":"https:\/\/tamed.es\/es\/wp-json\/wp\/v2\/comments?post=6836"}],"version-history":[{"count":8,"href":"https:\/\/tamed.es\/es\/wp-json\/wp\/v2\/pages\/6836\/revisions"}],"predecessor-version":[{"id":6939,"href":"https:\/\/tamed.es\/es\/wp-json\/wp\/v2\/pages\/6836\/revisions\/6939"}],"wp:attachment":[{"href":"https:\/\/tamed.es\/es\/wp-json\/wp\/v2\/media?parent=6836"}],"curies":[{"name":"wp","href":"https:\/\/api.w.org\/{rel}","templated":true}]}}